{"id":68,"date":"2019-05-07T08:27:33","date_gmt":"2019-05-07T08:27:33","guid":{"rendered":"https:\/\/www.demo.cosmoswp.com\/demo-2\/?page_id=12"},"modified":"2022-10-20T12:31:24","modified_gmt":"2022-10-20T10:31:24","slug":"home","status":"publish","type":"page","link":"https:\/\/ontop-baumpflege.de\/content\/","title":{"rendered":"Home"},"content":{"rendered":"\n<section id=\"section-81a2d7d6-0dfb-431f-8e02-f5cc7fdeacb8\" class=\"wp-block-gutentor-image-slider gutentor-section gutentor-image-slider imageSlider-template1 text-left\"><div class=\"gutentor-grid-item-wrap\"><div class=\"gutentor-slider-wrapper\" data-dots=\"true\" data-arrows=\"false\" data-infinite=\"true\" data-nextarrow=\"fas fa-angle-right\" data-prevarrow=\"fas fa-angle-left\" data-autoplay=\"true\" data-autoplayspeed=\"5000\" data-fade=\"true\" data-speed=\"2000\"><div class=\"gutentor-slider-item\"><div class=\"gutentor-single-item gutentor-single-item-0\"><div class=\"gutentor-single-item-wrap\"><div class=\"gutentor-single-item-image-box\"><div class=\"gutentor-bg-image\"><div class=\"overlay\"><\/div><\/div><\/div><div class=\"gutentor-single-item-content\"><div class=\"grid-container\"><div class=\"slider-caption text-left\"><h3 class=\"gutentor-single-item-title\">Ihr Fachbetrieb f\u00fcr Baumpflege &amp; F\u00e4llung<\/h3><p class=\"gutentor-single-item-desc\">Baumpflege, Baumschnitte, Baumf\u00e4llung und Wurzelstockentfernung<\/p><\/div><\/div><\/div><\/div><\/div><\/div><div class=\"gutentor-slider-item\"><div class=\"gutentor-single-item gutentor-single-item-1\"><div class=\"gutentor-single-item-wrap\"><div class=\"gutentor-single-item-image-box\"><div class=\"gutentor-bg-image\"><div class=\"overlay\"><\/div><\/div><\/div><div class=\"gutentor-single-item-content\"><div class=\"grid-container\"><div class=\"slider-caption text-left\"><h3 class=\"gutentor-single-item-title\">Baumkontrolle und Kronensicherung<\/h3><p class=\"gutentor-single-item-desc\">Wir erstellen Baumgutachten nach VTA (Visual Tree Assessment)<\/p><\/div><\/div><\/div><\/div><\/div><\/div><\/div><\/div><\/section>\n\n\n\n<section id=\"gm3c6b4d2\" class=\"wp-block-gutentor-m4 section-gm3c6b4d2 gutentor-module gutentor-advanced-columns has-image-bg has-custom-bg\"><div class=\"grid-container\"><div class=\"grid-row\">\n<div id=\"col-gmba8f66\" class=\"wp-block-gutentor-m4-col col-gmba8f66 gutentor-single-column  grid-lg-12 grid-md-12 grid-12\"><div id=\"section-gmba8f66\" class=\"section-gmba8f66 gutentor-col-wrap\">\n<div id=\"section-ga4d760\" class=\"wp-block-gutentor-e1 section-ga4d760 gutentor-element gutentor-element-advanced-text wow slideInLeft text-align-center-desktop\" data-wow-animation=\"slideInLeft\"><div class=\"gutentor-text-wrap\"><h3 class=\"gutentor-text\">Willkommen bei OnTop Baumpflege und F\u00e4llung<\/h3><\/div><\/div>\n\n\n\n<div id=\"section-g98d2d3\" class=\"wp-block-gutentor-e1 section-g98d2d3 gutentor-element gutentor-element-advanced-text wow slideInRight text-align-center-desktop\" data-wow-animation=\"slideInRight\"><div class=\"gutentor-text-wrap\"><p class=\"gutentor-text\"><br>Als Fachbetrieb f\u00fcr Baumpflege &amp; F\u00e4llung besch\u00e4ftigen wir uns mit allen Fragen und Arbeiten rund um den Baum. Dazu geh\u00f6ren Baumschnitte &amp; F\u00e4llungen, Wurzelstockentfernungen, Kronensicherungen, Baum- und Wurzelschutzma\u00dfnahmen sowie Baumgutachten, Kleingeh\u00f6lzschnitte, Heckenschnitte oder Neuanpflanzungen sein.<\/p><\/div><\/div>\n<\/div><\/div>\n<\/div><\/div><\/section>\n\n\n\n<section id=\"gm7af7d4c\" class=\"wp-block-gutentor-m4 section-gm7af7d4c gutentor-module gutentor-advanced-columns\"><div class=\"grid-container\"><div class=\"grid-row\">\n<div id=\"col-gm639d1f\" class=\"wp-block-gutentor-m4-col col-gm639d1f gutentor-single-column  grid-lg-12 grid-md-12 grid-12\"><div id=\"section-gm639d1f\" class=\"section-gm639d1f gutentor-col-wrap\">\n<section id=\"section-d7e0e96a-96c5-44fc-b604-5ac64c813c48\" class=\"wp-block-gutentor-image-box gutentor-section gutentor-image-wrapper imagebox-template1 wow animated slideInUp\" data-wow-animation=\"slideInUp\" data-wow-iteration=\"1\"><div class=\"grid-container\"><div class=\"gutentor-block-header\"><div class=\"gutentor-section-title text-center\"><h2 class=\"gutentor-title\">Wir f\u00fchren f\u00fcr Sie aus<\/h2><\/div><\/div><div class=\"grid-row gutentor-grid-item-wrap\"><div class=\"gutentor-grid-column grid-lg-4 grid-md-4 grid-12\"><div class=\"gutentor-single-item gutentor-image gutentor-single-item-0\"><div class=\"gutentor-single-item-wrap\"><div class=\"gutentor-single-item-image-box\"><div class=\"gutentor-image-thumb\"><img class=\"normal-image\" src=\"https:\/\/ontop-baumpflege.de\/content\/wp-content\/uploads\/2022\/06\/baummschnitt.jpg\" alt=\"\"\/><\/div><\/div><div class=\"gutentor-single-item-content\"><h3 class=\"gutentor-single-item-title\">Baumschnitt<\/h3><p class=\"gutentor-single-item-desc\">Baumpflege, Baumschnitte, Kronensicherung, Baumf\u00e4llung, Wurzelstockentfernung<\/p><a class=\"gutentor-button gutentor-single-item-button gutentor-icon-before\" href=\"https:\/\/ontop-baumpflege.de\/content\/baumschnitt\/\"><i class=\"gutentor-button-icon fas fa-angle-double-right\"><\/i><span>Leistungs\u00fcbersicht<\/span><\/a><\/div><\/div><\/div><\/div><div class=\"gutentor-grid-column grid-lg-4 grid-md-4 grid-12\"><div class=\"gutentor-single-item gutentor-image gutentor-single-item-1\"><div class=\"gutentor-single-item-wrap\"><div class=\"gutentor-single-item-image-box\"><div class=\"gutentor-image-thumb\"><img class=\"normal-image\" src=\"https:\/\/ontop-baumpflege.de\/content\/wp-content\/uploads\/2022\/06\/pflanzung.jpg\" alt=\"\"\/><\/div><\/div><div class=\"gutentor-single-item-content\"><h3 class=\"gutentor-single-item-title\">Pflanzungen<\/h3><p class=\"gutentor-single-item-desc\">Beratung, Auswahl und Lieferung von Neuanpflanzungen, Bodenaufbereitung,<br>Pflanzung und ggf. D\u00fcngung<\/p><a class=\"gutentor-button gutentor-single-item-button gutentor-icon-before\" href=\"https:\/\/ontop-baumpflege.de\/content\/neuanpflanzungen\/\"><i class=\"gutentor-button-icon fas fa-angle-double-right\"><\/i><span>Leistungs\u00fcbersicht<\/span><\/a><\/div><\/div><\/div><\/div><div class=\"gutentor-grid-column grid-lg-4 grid-md-4 grid-12\"><div class=\"gutentor-single-item gutentor-image gutentor-single-item-2\"><div class=\"gutentor-single-item-wrap\"><div class=\"gutentor-single-item-image-box\"><div class=\"gutentor-image-thumb\"><img class=\"normal-image\" src=\"https:\/\/ontop-baumpflege.de\/content\/wp-content\/uploads\/2022\/06\/baumsanierunhg.jpg\" alt=\"\"\/><\/div><\/div><div class=\"gutentor-single-item-content\"><h3 class=\"gutentor-single-item-title\">KONTROLLE<\/h3><p class=\"gutentor-single-item-desc\">Baumgutachten nach VTA (Visual Tree Assessment), Beurteilund und Ma\u00dfnahmen Stand- und Bruchsicherheit<\/p><a class=\"gutentor-button gutentor-single-item-button gutentor-icon-before\" href=\"https:\/\/ontop-baumpflege.de\/content\/baumkontrolle\/\"><i class=\"gutentor-button-icon fas fa-angle-double-right\"><\/i><span>Leistungs\u00fcbersicht<\/span><\/a><\/div><\/div><\/div><\/div><\/div><\/div><\/section>\n<\/div><\/div>\n<\/div><\/div><\/section>\n\n\n\n<p><\/p>\n","protected":false},"excerpt":{"rendered":"","protected":false},"author":3,"featured_media":0,"parent":0,"menu_order":0,"comment_status":"closed","ping_status":"closed","template":"template-gutentor-full-width.php","meta":[],"_links":{"self":[{"href":"https:\/\/ontop-baumpflege.de\/content\/wp-json\/wp\/v2\/pages\/68"}],"collection":[{"href":"https:\/\/ontop-baumpflege.de\/content\/wp-json\/wp\/v2\/pages"}],"about":[{"href":"https:\/\/ontop-baumpflege.de\/content\/wp-json\/wp\/v2\/types\/page"}],"author":[{"embeddable":true,"href":"https:\/\/ontop-baumpflege.de\/content\/wp-json\/wp\/v2\/users\/3"}],"replies":[{"embeddable":true,"href":"https:\/\/ontop-baumpflege.de\/content\/wp-json\/wp\/v2\/comments?post=68"}],"version-history":[{"count":289,"href":"https:\/\/ontop-baumpflege.de\/content\/wp-json\/wp\/v2\/pages\/68\/revisions"}],"predecessor-version":[{"id":1563,"href":"https:\/\/ontop-baumpflege.de\/content\/wp-json\/wp\/v2\/pages\/68\/revisions\/1563"}],"wp:attachment":[{"href":"https:\/\/ontop-baumpflege.de\/content\/wp-json\/wp\/v2\/media?parent=68"}],"curies":[{"name":"wp","href":"https:\/\/api.w.org\/{rel}","templated":true}]}}