{"id":1540,"date":"2022-06-10T09:55:19","date_gmt":"2022-06-10T07:55:19","guid":{"rendered":"https:\/\/grafix-dezign.de\/ontop\/?page_id=1540"},"modified":"2022-10-20T12:44:07","modified_gmt":"2022-10-20T10:44:07","slug":"agb","status":"publish","type":"page","link":"https:\/\/ontop-baumpflege.de\/content\/agb\/","title":{"rendered":"AGB"},"content":{"rendered":"\n<div id=\"section-g0cf92c\" class=\"wp-block-gutentor-e6 section-g0cf92c gutentor-element gutentor-element-image\"><div class=\"gutentor-element-image-box\"><div class=\"gutentor-bg-image\"><\/div><\/div><\/div>\n\n\n\n<section id=\"gm696f250\" class=\"wp-block-gutentor-m4 section-gm696f250 gutentor-module gutentor-advanced-columns has-image-bg has-custom-bg\"><div class=\"grid-container\"><div class=\"grid-row\">\n<div id=\"col-gme09c3c\" class=\"wp-block-gutentor-m4-col col-gme09c3c gutentor-single-column  grid-lg-12 grid-md-12 grid-12\"><div id=\"section-gme09c3c\" class=\"section-gme09c3c gutentor-col-wrap\">\n<div id=\"section-g1a4997\" class=\"wp-block-gutentor-e1 section-g1a4997 gutentor-element gutentor-element-advanced-text\"><div class=\"gutentor-text-wrap\"><h2 class=\"gutentor-text\">Allgemeine Gesch\u00e4ftsbedingungen<\/h2><\/div><\/div>\n\n\n\n<div id=\"section-gbad87d\" class=\"wp-block-gutentor-e1 section-gbad87d gutentor-element gutentor-element-advanced-text\"><div class=\"gutentor-text-wrap\"><p class=\"gutentor-text\"><strong>1. Geltungsbereich<\/strong><br>Diese Allgemeinen Gesch\u00e4ftsbedingungen regeln die grunds\u00e4tzlichen Rechtsbeziehungen zwischen dem Kunden und der Firma Ontop-Baumpflege f\u00fcr alle Leistungen. Sie k\u00f6nnen durch zus\u00e4tzliche Vereinbarungen in den einzelnen Dienstleistung erg\u00e4nzt werden. \u00c4nderungen und Erg\u00e4nzungen bed\u00fcrfen zu ihrer Wirksamkeit der Schriftform. Entgegenstehende Allgemeine Gesch\u00e4ftsbedingungen gelten auch dann nicht, wenn ihnen im Einzelfall nicht ausdr\u00fccklich widersprochen wurde.<\/p><\/div><\/div>\n<\/div><\/div>\n<\/div><\/div><\/section>\n\n\n\n<section id=\"gmabd5eb0\" class=\"wp-block-gutentor-m4 section-gmabd5eb0 gutentor-module gutentor-advanced-columns\"><div class=\"grid-container\"><div class=\"grid-row\">\n<div id=\"col-gmc4b992\" class=\"wp-block-gutentor-m4-col col-gmc4b992 gutentor-single-column  grid-lg-12 grid-md-12 grid-12\"><div id=\"section-gmc4b992\" class=\"section-gmc4b992 gutentor-col-wrap\">\n<div id=\"section-g1d536a\" class=\"wp-block-gutentor-e1 section-g1d536a gutentor-element gutentor-element-advanced-text\"><div class=\"gutentor-text-wrap\"><p class=\"gutentor-text\"><strong>2. Angebotsanfrage und Auftragsbest\u00e4tigung<\/strong><br>2.1 Ontop-Baumpflege kann ihr Angebot bis zum Eingang der schriftlichen Auftragsbest\u00e4tigung des Kunden widerrufen. Die Auftragsbest\u00e4tigung soll binnen 2 Wochen nach Eingang des Angebots erfolgen.<br>&nbsp;<br>2.2 Weicht das Angebot von der Auftrags\u00adbest\u00e4tigung ab, so ist Ontop-Baumpflege nur gebunden, wenn sie der Abweichung schriftlich zugestimmt hat. Auch eine Annahme von Lieferungen oder Leistungen sowie Zahlungen seitens der Ontop-Baumpflege bedeuten keine Zustimmung.<br>&nbsp;<br><strong>3. Leistung, Termine und Verzug<\/strong><br>3.1 Die vertragliche vereinbarte Dienstleistung haben an dem vereinbarten Ort zu erfolgen.<br>&nbsp;<br>3.2 Leistungen und Angaben zur Leistungszeit sind verbindlich. Ma\u00dfgebend f\u00fcr die Einhaltung der Dienstleistung ist der Eingang der Auftragsbest\u00e4tigung bei der Ontop-Baumpflege.<br>Besteht die vertragliche Leistung in der Aufstellung oder Montage eines Werkes, kommt es auf dessen Abnahme an. Der Kunde hat der Ontop-Baumpflege vorhersehbare Verz\u00f6gerungen des Auftrages unverz\u00fcglich mitzuteilen. Teilleistungen und vorzeitige Dienstleistungen sind nur nach vorheriger Absprache mit der Ontop-Baumpflege zul\u00e4ssig.<br>&nbsp;<br>3.3 Im Falle des Verzuges des Kunden stehen der Ontop-Baumpflege die gesetzlichen Rechte ungek\u00fcrzt zu. Die Ontop-Baumpflege ist im Falle des Verzuges des Kunden berechtigt, eine Vertragsstrafe in H\u00f6he von 0,5 % des Wertes der in Verzug geratenen Lieferung bzw. Leistung pro Tag, h\u00f6chstens jedoch 10 % des GesamtAuftragswertes, zu verlangen. Die Vertragsstrafe ist auf den insgesamt geltend gemachten Verzugsschaden anzurechnen. Die Ontop-Baumpflege beh\u00e4lt sich vor, die Vertragsstrafe bis zur Schlusszahlung geltend zu machen.<br>&nbsp;<br><strong>4. Verpackung und Transport<\/strong><br>4.1 Der Kunde ist f\u00fcr die ordnungsgem\u00e4\u00dfe Verpackung, unter Ber\u00fccksichtigung der jeweiligen Versandart, verantwortlich und beweispflichtig. Soweit nicht gesondert geregelt, ist der Kunde auf seine Kosten verpflichtet, die Verpackung zur\u00fcckzunehmen und ordnungsgem\u00e4\u00df zu entsorgen. Leistungsort f\u00fcr die R\u00fccknahme der Verpackungen ist der \u00dcbergabeort der Ware.<br>&nbsp;<br>4.2 Lieferscheine sind von au\u00dfen an der Verpackung zu befestigen und m\u00fcssen die Bestellnummer, die Artikelbezeichnung mit Teilenummer, die Liefermengen sowie Hinweise auf etwaige Teillieferungen enthalten. Lieferungen, die aus mehreren Teilen bzw. Kolli bestehen, sind als zusammengeh\u00f6rig zu kennzeichnen.<br>&nbsp;<br>4.3 Soweit nicht anders vereinbart, gehen die Versandkosten zu Lasten des Kunden. Bei Preisstellung ab Werk oder ab Verkaufslager des Kunden ist zu den jeweils niedrigsten Kosten zu versenden, soweit der Kunde keine bestimmte Bef\u00f6rderungsart vorgeschrieben hat. Mehrkosten wegen einer nicht eingehaltenen Versandvorschrift gehen zu Lasten des Kunden.<br>&nbsp;<br>4.4 Bei Preisstellung frei Empf\u00e4nger kann die Ontop-Baumpflege die Bef\u00f6rderungsart bestimmen. Mehrkosten f\u00fcr eine zur Einhaltung eines vom Auftragnehmer best\u00e4tigten Liefertermins etwa notwendige beschleunigte Bef\u00f6rderung sind vom Lieferanten zu tragen.<br>&nbsp;<br>4.5 Der Transport der zu liefernden Waren erfolgt auf Gefahr des Kunden. Es wird ihm anheim gestellt, f\u00fcr eine Versicherung zu sorgen.<br>&nbsp;<br><strong>5. Gefahr und Eigentums\u00fcbergang<\/strong><br>5.1 Beinhaltet die vertragliche Leistung die Aufstellung oder Montage eines Werkes, geht die Gefahr mit der Abnahme, bei Leistung von Diensten ohne Aufstellung oder Montage mit dem Empfang bei der von der Ontop-Baumpflege angegebenen Empfangsstelle \u00fcber.<br>&nbsp;<br>5.2 Der Lieferant r\u00e4umt Ontop-Baumpflege an allen urheberrechtsf\u00e4higen Leistungen aussschlie\u00dfliche, zeitliche und r\u00e4umlich unbeschr\u00e4nkte Nutzungsrechte f\u00fcr alle bekannten Verwertungsarten ein. Zur vollst\u00e4ndigen oder teilweisen Aus\u00fcbung der Rechte auch sp\u00e4ter bedarf es keiner weiteren Zustimmung seitens des Kunden.<br>&nbsp;<br><strong>6. M\u00e4ngelanzeige<\/strong><br>6.1 M\u00e4ngel der erbrachten Dienstleistung hat der Kunde, sobald sie nach den Gegebenheiten eines ordnungsgem\u00e4\u00dfen Gesch\u00e4ftsgangs festgestellt werden, der Firma Ontop-Baumpflege unverz\u00fcglich schriftlich anzuzeigen. Insoweit verzichtet der Kunde auf den Einwand der versp\u00e4teten M\u00e4ngelr\u00fcge.<br>&nbsp;<br>6.2 Die Ausstellung von Empfangsquittungen und etwa eingegangene Zahlungen an die Firma Ontop-Baumpflege bedeuten nicht den Verzicht auf m\u00f6gliche Anspr\u00fcche oder Rechte. Alle Gew\u00e4hrleistungsanspr\u00fcche bleiben bis zur endg\u00fcltigen \u00dcberpr\u00fcfung der erf\u00fcllten Dienstleistung vorbehalten.<br>&nbsp;<br><strong>7. Preise, Zahlungen und Aufrechnung<\/strong><br>7.1 Die in den jeweiligen Kostenvoranschl\u00e4gen\/Angeboten genannten Preise verstehen sich ohne Mehrwertsteuer. Sie sind Festpreise und schlie\u00dfen Nachforderungen aus. Zus\u00e4tzliche oder abweichende Leistungen werden zuvor durch eine schriftliche Nachtragsvereinbarung getroffen.<br>&nbsp;<br>7.2 Rechnungen werden in zweifacher Ausfertigung unter Angabe von Auftragsnummer, Auftragsdatum und Mengenangabe mit Einzel und Positionspreis ausgefertigt.<br>Im Falle einer von der Ontop-Baumpflege genehmigten Teildienstleistung wird die Rechnung einen entsprechenden Hinweis enthalten.<br>&nbsp;<br>7.3 Zahlungen erfolgen, wenn nicht anders vereinbart, innerhalb von 14 Tagen. Diese Zahlungsfrist beginnt zu laufen, sobald die Leistung vollst\u00e4ndig erbracht und die ordnungsgem\u00e4\u00df ausgestellte Rechnung eingegangen ist.<br>&nbsp;<br>7.4 Der Kunde darf nur mit solchen Forderungen aufrechnen, die unbestritten oder rechtskr\u00e4ftig festgestellt worden sind.<br>&nbsp;<br><strong>8. Gew\u00e4hrleistung<\/strong><br>8.1 Soweit nichts Abweichendes vereinbart wird, gelten die gesetzlichen Gew\u00e4hrleistungsbestimmungen mit folgenden Ma\u00dfgaben: Die Gew\u00e4hrleistungsfrist beginnt mit dem Gefahr\u00fcbergang (Leistung bzw. Abnahme). Stellen die Leistungen der Ontop-Baumpflege gegen\u00fcber Dritten dar, beginnt der Lauf der Gew\u00e4hrleistungsfrist mit der Leistung an bzw. Abnahme durch den Auftraggeber der Ontop-Baumpflege.<br>&nbsp;<br>8.2 Die Gew\u00e4hrleistungsfrist verl\u00e4ngert sich um die Zeit, w\u00e4hrend der die mangelhafte Leistung nicht bestimmungsgem\u00e4\u00df benutzt werden kann.<br>&nbsp;<br>8.3 Sofern im Rahmen der Gew\u00e4hrleistung ein Wahlrecht zwischen verschiedenen Formen der Nacherf\u00fcllung besteht, so steht dieses Wahlrecht der Ontop-Baumpflege zu.<br>&nbsp;<br><strong>9. Integrit\u00e4tsklausel<\/strong><br>Der Kunde verpflichtet sich, die gesetzlichen Vorschriften zur Bek\u00e4mpfung der Korruption zu beachten. Insbesondere versichert er, dass er Mitarbeitern der Ontop-Baumpflege oder diesen nahestehenden Perso\u00adnen keine unzul\u00e4ssigen Vorteile anbietet, verspricht oder gew\u00e4hrt. Gleiches Verbot gilt f\u00fcr Mitarbeiter des Kunden, Erf\u00fcllungsgehilfen und sonstige Dritte, die nach Weisung des Kunden handeln.<br>&nbsp;<br><strong>10. Haftung<\/strong><br>10.1 Der Kunde haftet nach den gesetzlichen Vorschriften. Insbesondere haftet er f\u00fcr alle Sch\u00e4den einschlie\u00dflich Folgesch\u00e4den, die der Ontop-Baumpflege durch eine nicht vertragsgem\u00e4\u00dfe Leistung des Kunden entstehen, es sei denn, der Kunde weist nach, dass er diese Sch\u00e4den nicht zu vertreten hat.<br>&nbsp;<br>10.2 Der Kunde sichert zu, dass die gelieferte Sache frei von Rechten Dritter ist. Er stellt die Ontop-Baumpflege auf erstes schriftliches Anfordern von s\u00e4mtlichen Verbindlichkeiten frei, die dadurch entstehen, dass eine gelieferte Sache oder erbrachte Dienstleistung davon mit behaupteten Rechten Dritter, insbesondere mit Rechten des gewerblichen Rechtsschutzes, die in der Bundesrepublik Deutschland bestehen, belastet sind. Entsprechendes gilt bei ausl\u00e4ndischen Schutzrechten, die der Kunde gekannt hat oder grob fahrl\u00e4ssig nicht gekannt hat.<br>&nbsp;<br>10.3 Der Kunde hat f\u00fcr seine Leistungen die anerkannten Regeln der Technik, die anerkannten Sicherheitsvorschriften sowie die einschl\u00e4gigen Unfallverh\u00fctungs, Umwelt und Arbeitsschutzvorschriften einzuhalten. Wird diese Regelung nicht beachtet, gilt der Auftrag als nicht ordnungsgem\u00e4\u00df erf\u00fcllt.<\/p><\/div><\/div>\n<\/div><\/div>\n<\/div><\/div><\/section>\n","protected":false},"excerpt":{"rendered":"","protected":false},"author":3,"featured_media":0,"parent":0,"menu_order":0,"comment_status":"closed","ping_status":"closed","template":"template-gutentor-full-width.php","meta":[],"_links":{"self":[{"href":"https:\/\/ontop-baumpflege.de\/content\/wp-json\/wp\/v2\/pages\/1540"}],"collection":[{"href":"https:\/\/ontop-baumpflege.de\/content\/wp-json\/wp\/v2\/pages"}],"about":[{"href":"https:\/\/ontop-baumpflege.de\/content\/wp-json\/wp\/v2\/types\/page"}],"author":[{"embeddable":true,"href":"https:\/\/ontop-baumpflege.de\/content\/wp-json\/wp\/v2\/users\/3"}],"replies":[{"embeddable":true,"href":"https:\/\/ontop-baumpflege.de\/content\/wp-json\/wp\/v2\/comments?post=1540"}],"version-history":[{"count":2,"href":"https:\/\/ontop-baumpflege.de\/content\/wp-json\/wp\/v2\/pages\/1540\/revisions"}],"predecessor-version":[{"id":1579,"href":"https:\/\/ontop-baumpflege.de\/content\/wp-json\/wp\/v2\/pages\/1540\/revisions\/1579"}],"wp:attachment":[{"href":"https:\/\/ontop-baumpflege.de\/content\/wp-json\/wp\/v2\/media?parent=1540"}],"curies":[{"name":"wp","href":"https:\/\/api.w.org\/{rel}","templated":true}]}}