{"id":1527,"date":"2022-06-10T09:12:08","date_gmt":"2022-06-10T07:12:08","guid":{"rendered":"https:\/\/grafix-dezign.de\/ontop\/?page_id=1527"},"modified":"2022-10-20T12:38:04","modified_gmt":"2022-10-20T10:38:04","slug":"baumschutz","status":"publish","type":"page","link":"https:\/\/ontop-baumpflege.de\/content\/baumschutz\/","title":{"rendered":"Baumschutz"},"content":{"rendered":"\n<div id=\"section-g60bec9\" class=\"wp-block-gutentor-e6 section-g60bec9 gutentor-element gutentor-element-image\"><div class=\"gutentor-element-image-box\"><div class=\"gutentor-bg-image\"><\/div><\/div><\/div>\n\n\n\n<section id=\"gmc1676bf\" class=\"wp-block-gutentor-m4 section-gmc1676bf gutentor-module gutentor-advanced-columns has-image-bg has-custom-bg\"><div class=\"grid-container\"><div class=\"grid-row\">\n<div id=\"col-gm305609\" class=\"wp-block-gutentor-m4-col col-gm305609 gutentor-single-column  grid-lg-12 grid-md-12 grid-12\"><div id=\"section-gm305609\" class=\"section-gm305609 gutentor-col-wrap\">\n<div id=\"section-gc89df0\" class=\"wp-block-gutentor-e1 section-gc89df0 gutentor-element gutentor-element-advanced-text\"><div class=\"gutentor-text-wrap\"><h2 class=\"gutentor-text\">Kronensicherung<\/h2><\/div><\/div>\n\n\n\n<div id=\"section-g2b8f6a\" class=\"wp-block-gutentor-e1 section-g2b8f6a gutentor-element gutentor-element-advanced-text\"><div class=\"gutentor-text-wrap\"><p class=\"gutentor-text\">Wenn ein Baum Zwiesel (Gabelung von \u00c4sten oder St\u00e4mmlingen), ausladende und \u00fcberh\u00e4ngende \u00c4ste aufweist von welchen die Gefahr ausgeht, dass sie unter schwingungsbedingten \u00dcberlastungen<br>(z.B. Wind) ausbrechen k\u00f6nnten, lassen sich diese durch entsprechende Verschn\u00fcrungen mit anderen \u00c4sten im Baum verbinden und somit sicheren <strong>(Bruchsicherung)<\/strong>.<br><br>Diese Ma\u00dfnahmen werden auch getroffen, wenn ein Ast herausbrechen k\u00f6nnte und man verhindern will, dass er zu Boden f\u00e4llt und dort Schaden anrichtet <strong>(Trage-, Haltesicherung)<\/strong>.<br><br>F\u00fcr Kronensicherungen bieten unterschiedlichste Firmen geeignetes Einbaumaterialien in Form von Seilen und Tauen mit Bruchlasten von 16 t und mehr an.<\/p><\/div><\/div>\n<\/div><\/div>\n<\/div><\/div><\/section>\n\n\n\n<section id=\"gmf616b08\" class=\"wp-block-gutentor-m4 section-gmf616b08 gutentor-module gutentor-advanced-columns\"><div class=\"grid-container\"><div class=\"grid-row\">\n<div id=\"col-gmc24a66\" class=\"wp-block-gutentor-m4-col col-gmc24a66 gutentor-single-column  grid-lg-12 grid-md-12 grid-12\"><div id=\"section-gmc24a66\" class=\"section-gmc24a66 gutentor-col-wrap\">\n<section id=\"01c552\" class=\"section-01c552 gutentor-module gutentor-module-accordion\"><div class=\"grid-container\">\n<div id=\"0a2374\" class=\"wp-block-gutentor-m6-item section-0a2374 gutentor-module gutentor-module-accordion-item\"><div class=\"gutentor-module-accordion-panel g-a-panel-01c552\"><div class=\"gm-ah-01c552 gutentor-module-accordion-item-heading gutentor-module-icon-position-left\"><span class=\"gutentor-module-accordion-panel-handler\" role=\"button\"><span class=\"gutentor-module-accordion-icon\"><i class=\"gm-aio-01c552 gutentor-module-accordion-icon-open fas fa-angle-double-down\"><\/i><i class=\"gm-aic-01c552 gutentor-module-accordion-icon-close fas fa-angle-double-up\"><\/i><\/span><span class=\"gutentor-module-accordion-panel-handler-label\"><strong>Baumschutzeinrichtungen<\/strong><\/span><\/span><\/div><div class=\"gm-ab-01c552 gutentor-module-accordion-body\">\n<div id=\"section-g0f8943\" class=\"wp-block-gutentor-e0 section-g0f8943 gutentor-element gutentor-element-advanced-text\"><div class=\"gutentor-text-wrap\"><p class=\"gutentor-text\">Oft m\u00fcssen B\u00e4ume z.B auf Baustellen vor Anfahrsch\u00e4den, Bodenverdichtung durch befahren oder Lagerung von Baustoffen, Astausrissen etc. gesch\u00fctzt werden. In solchen F\u00e4llen ist es ratsam einen geeigneten <strong>Baumschutzzaun<\/strong> zur Erhaltung des Baumes und des Baumumfeldes f\u00fcr die Zeit der Bauma\u00dfnahmen zu errichten.<br><br>Ebenso verh\u00e4lt es sich auch mit den unterirdischen liegenden Teilen des Baumes, den Wurzeln.<br>Bei Auf-oder Abgrabungen im Wurzelbereich des Baumes (bis ca. 1,5 m hinter dem Kronentraufenbereich) sollte ein <strong>Wurzelvorhang<\/strong> erstellt werden um den Wurzelbereich des Baumes zu sch\u00fctzen. Der Wurzelvorhang sollte in ausreichendem, zeitlichem Abstand (eine Vegetationsphase vor Baubeginn) angelegt werden.<br><br>Durch diese Ma\u00dfnahmen kann gew\u00e4hrleistet werde, dass der Baum seinen gesunden Zustand beibeh\u00e4lt. Bitte setzen Sie sich mit uns in Verbindung f\u00fcr weitere Vorgehensweisen.<\/p><\/div><\/div>\n<\/div><\/div><\/div>\n\n\n\n<div id=\"12183d\" class=\"wp-block-gutentor-m6-item section-12183d gutentor-module gutentor-module-accordion-item\"><div class=\"gutentor-module-accordion-panel g-a-panel-01c552\"><div class=\"gm-ah-01c552 gutentor-module-accordion-item-heading gutentor-module-icon-position-left\"><span class=\"gutentor-module-accordion-panel-handler\" role=\"button\"><span class=\"gutentor-module-accordion-icon\"><i class=\"gm-aio-01c552 gutentor-module-accordion-icon-open fas fa-angle-double-down\"><\/i><i class=\"gm-aic-01c552 gutentor-module-accordion-icon-close fas fa-angle-double-up\"><\/i><\/span><span class=\"gutentor-module-accordion-panel-handler-label\"><strong>Baumumfeldverbesserung<\/strong><\/span><\/span><\/div><div class=\"gm-ab-01c552 gutentor-module-accordion-body\">\n<div id=\"section-g02739b\" class=\"wp-block-gutentor-e0 section-g02739b gutentor-element gutentor-element-advanced-text\"><div class=\"gutentor-text-wrap\"><p class=\"gutentor-text\">Entsprechend der Vitalit\u00e4t, der spezifischen Baumanspr\u00fcche und des Baumumfeldes nach gesonderter Voruntersuchung lassen sich folgende Bodenverbesserungen durchf\u00fchren:<\/p><\/div><\/div>\n\n\n\n<div id=\"section-g165c0e\" class=\"wp-block-gutentor-e7 section-g165c0e gutentor-element gutentor-element-list\"><ul class=\"grid-row gutentor-grid-item-wrap list-indicator-icon\"><li class=\"gutentor-list-item grid-lg-12 grid-md-12 grid-12\"><span class=\"gutentor-single-item gutentor-single-item-0\"><span class=\"gutentor-list-item-wrap g-s-list-wrap\"><span class=\"gutentor-single-list-item-icon\"><i class=\"list-item-icon fas fa-arrow-right\"><\/i><\/span><span class=\"gutentor-list-item\"><p class=\"gutentor-single-item-title\">Entsiegelung (Entfernung Wasserundurchl\u00e4ssiger Schichten im Wurzelbereich)<\/p><\/span><\/span><\/span><\/li><li class=\"gutentor-list-item grid-lg-12 grid-md-12 grid-12\"><span class=\"gutentor-single-item gutentor-single-item-1\"><span class=\"gutentor-list-item-wrap g-s-list-wrap\"><span class=\"gutentor-single-list-item-icon\"><i class=\"list-item-icon fas fa-arrow-right\"><\/i><\/span><span class=\"gutentor-list-item\"><p class=\"gutentor-single-item-title\">Bodenlockerung (Verbesserung der Bodenbel\u00fcftung)<\/p><\/span><\/span><\/span><\/li><li class=\"gutentor-list-item grid-lg-12 grid-md-12 grid-12\"><span class=\"gutentor-single-item gutentor-single-item-2\"><span class=\"gutentor-list-item-wrap g-s-list-wrap\"><span class=\"gutentor-single-list-item-icon\"><i class=\"list-item-icon fas fa-arrow-right\"><\/i><\/span><span class=\"gutentor-list-item\"><p class=\"gutentor-single-item-title\">Bodenaustausch (durch Spezialverfahren Erneuerung des Bodens)<\/p><\/span><\/span><\/span><\/li><li class=\"gutentor-list-item grid-lg-12 grid-md-12 grid-12\"><span class=\"gutentor-single-item gutentor-single-item-3\"><span class=\"gutentor-list-item-wrap g-s-list-wrap\"><span class=\"gutentor-single-list-item-icon\"><i class=\"list-item-icon fas fa-arrow-right\"><\/i><\/span><span class=\"gutentor-list-item\"><p class=\"gutentor-single-item-title\">Einbau von Bel\u00fcftungseinrichtung (vertikal oder Horizontal)<\/p><\/span><\/span><\/span><\/li><li class=\"gutentor-list-item grid-lg-12 grid-md-12 grid-12\"><span class=\"gutentor-single-item gutentor-single-item-4\"><span class=\"gutentor-list-item-wrap g-s-list-wrap\"><span class=\"gutentor-single-list-item-icon\"><i class=\"list-item-icon fas fa-arrow-right\"><\/i><\/span><span class=\"gutentor-list-item\"><p class=\"gutentor-single-item-title\">Erweiterung des durchwurzelbaren Bodenraumes<\/p><\/span><\/span><\/span><\/li><li class=\"gutentor-list-item grid-lg-12 grid-md-12 grid-12\"><span class=\"gutentor-single-item gutentor-single-item-5\"><span class=\"gutentor-list-item-wrap g-s-list-wrap\"><span class=\"gutentor-single-list-item-icon\"><i class=\"list-item-icon fas fa-arrow-right\"><\/i><\/span><span class=\"gutentor-list-item\"><p class=\"gutentor-single-item-title\">N\u00e4hrstoffversorgung (D\u00fcngung)<\/p><\/span><\/span><\/span><\/li><\/ul><\/div>\n\n\n\n<div id=\"section-g2da6df\" class=\"wp-block-gutentor-e1 section-g2da6df gutentor-element gutentor-element-advanced-text\"><div class=\"gutentor-text-wrap\"><p class=\"gutentor-text\">Die meisten dieser Ma\u00dfnahmen verstehen sich als Sonderma\u00dfnahmen zur Erhaltung und Verbesserung der Vitalit\u00e4t des Baumes.<\/p><\/div><\/div>\n<\/div><\/div><\/div>\n<\/div><\/section>\n<\/div><\/div>\n<\/div><\/div><\/section>\n","protected":false},"excerpt":{"rendered":"","protected":false},"author":3,"featured_media":0,"parent":0,"menu_order":0,"comment_status":"closed","ping_status":"closed","template":"template-gutentor-full-width.php","meta":[],"_links":{"self":[{"href":"https:\/\/ontop-baumpflege.de\/content\/wp-json\/wp\/v2\/pages\/1527"}],"collection":[{"href":"https:\/\/ontop-baumpflege.de\/content\/wp-json\/wp\/v2\/pages"}],"about":[{"href":"https:\/\/ontop-baumpflege.de\/content\/wp-json\/wp\/v2\/types\/page"}],"author":[{"embeddable":true,"href":"https:\/\/ontop-baumpflege.de\/content\/wp-json\/wp\/v2\/users\/3"}],"replies":[{"embeddable":true,"href":"https:\/\/ontop-baumpflege.de\/content\/wp-json\/wp\/v2\/comments?post=1527"}],"version-history":[{"count":6,"href":"https:\/\/ontop-baumpflege.de\/content\/wp-json\/wp\/v2\/pages\/1527\/revisions"}],"predecessor-version":[{"id":1572,"href":"https:\/\/ontop-baumpflege.de\/content\/wp-json\/wp\/v2\/pages\/1527\/revisions\/1572"}],"wp:attachment":[{"href":"https:\/\/ontop-baumpflege.de\/content\/wp-json\/wp\/v2\/media?parent=1527"}],"curies":[{"name":"wp","href":"https:\/\/api.w.org\/{rel}","templated":true}]}}