{"id":1516,"date":"2022-06-08T11:30:10","date_gmt":"2022-06-08T09:30:10","guid":{"rendered":"https:\/\/grafix-dezign.de\/ontop\/?page_id=1516"},"modified":"2022-10-20T12:43:09","modified_gmt":"2022-10-20T10:43:09","slug":"impressum","status":"publish","type":"page","link":"https:\/\/ontop-baumpflege.de\/content\/impressum\/","title":{"rendered":"Impressum"},"content":{"rendered":"\n<div id=\"section-g05d433\" class=\"wp-block-gutentor-e6 section-g05d433 gutentor-element gutentor-element-image\"><div class=\"gutentor-element-image-box\"><div class=\"gutentor-bg-image\"><\/div><\/div><\/div>\n\n\n\n<section id=\"gme83765b\" class=\"wp-block-gutentor-m4 section-gme83765b gutentor-module gutentor-advanced-columns has-image-bg has-custom-bg\"><div class=\"grid-container\"><div class=\"grid-row\">\n<div id=\"col-gm456192\" class=\"wp-block-gutentor-m4-col col-gm456192 gutentor-single-column  grid-lg-12 grid-md-12 grid-12\"><div id=\"section-gm456192\" class=\"section-gm456192 gutentor-col-wrap\">\n<div id=\"section-gb8f79b\" class=\"wp-block-gutentor-e1 section-gb8f79b gutentor-element gutentor-element-advanced-text\"><div class=\"gutentor-text-wrap\"><h2 class=\"gutentor-text\">Impressum<\/h2><\/div><\/div>\n\n\n\n<div id=\"section-gbb05a5\" class=\"wp-block-gutentor-e1 section-gbb05a5 gutentor-element gutentor-element-advanced-text\"><div class=\"gutentor-text-wrap\"><h4 class=\"gutentor-text\">Verantwortlicher<\/h4><\/div><\/div>\n\n\n\n<div id=\"section-g9b99fe\" class=\"wp-block-gutentor-e1 section-g9b99fe gutentor-element gutentor-element-advanced-text\"><div class=\"gutentor-text-wrap\"><p class=\"gutentor-text\"><strong>OnTop-Baumpflege GbR<\/strong><br>Bj\u00f6rn Rase<br>Breslauer Str. 38, 63128 Dietzenbach<br>Deutschland\/Hessen<br>E-Mail: <a href=\"mailto:info@ontop-baumpflege.de\">info@ontop-baumpflege.de<\/a><br><br>Gesch\u00e4ftsf\u00fchrer: Bj\u00f6rn Rase<br>Steuernummer: <\/p><\/div><\/div>\n<\/div><\/div>\n<\/div><\/div><\/section>\n","protected":false},"excerpt":{"rendered":"","protected":false},"author":3,"featured_media":0,"parent":0,"menu_order":0,"comment_status":"closed","ping_status":"closed","template":"template-gutentor-full-width.php","meta":[],"_links":{"self":[{"href":"https:\/\/ontop-baumpflege.de\/content\/wp-json\/wp\/v2\/pages\/1516"}],"collection":[{"href":"https:\/\/ontop-baumpflege.de\/content\/wp-json\/wp\/v2\/pages"}],"about":[{"href":"https:\/\/ontop-baumpflege.de\/content\/wp-json\/wp\/v2\/types\/page"}],"author":[{"embeddable":true,"href":"https:\/\/ontop-baumpflege.de\/content\/wp-json\/wp\/v2\/users\/3"}],"replies":[{"embeddable":true,"href":"https:\/\/ontop-baumpflege.de\/content\/wp-json\/wp\/v2\/comments?post=1516"}],"version-history":[{"count":3,"href":"https:\/\/ontop-baumpflege.de\/content\/wp-json\/wp\/v2\/pages\/1516\/revisions"}],"predecessor-version":[{"id":1577,"href":"https:\/\/ontop-baumpflege.de\/content\/wp-json\/wp\/v2\/pages\/1516\/revisions\/1577"}],"wp:attachment":[{"href":"https:\/\/ontop-baumpflege.de\/content\/wp-json\/wp\/v2\/media?parent=1516"}],"curies":[{"name":"wp","href":"https:\/\/api.w.org\/{rel}","templated":true}]}}