{"id":1341,"date":"2022-04-14T11:39:35","date_gmt":"2022-04-14T09:39:35","guid":{"rendered":"https:\/\/grafix-dezign.de\/junge\/?page_id=1341"},"modified":"2022-10-20T12:33:33","modified_gmt":"2022-10-20T10:33:33","slug":"faellung","status":"publish","type":"page","link":"https:\/\/ontop-baumpflege.de\/content\/faellung\/","title":{"rendered":"BAUMF\u00c4LLUNG"},"content":{"rendered":"\n<div id=\"section-g069606\" class=\"wp-block-gutentor-e6 section-g069606 gutentor-element gutentor-element-image\"><div class=\"gutentor-element-image-box\"><div class=\"gutentor-bg-image\"><\/div><\/div><\/div>\n\n\n\n<section id=\"gm45c74b2\" class=\"wp-block-gutentor-m4 section-gm45c74b2 gutentor-module gutentor-advanced-columns has-image-bg has-custom-bg\"><div class=\"grid-container\"><div class=\"grid-row\">\n<div id=\"col-gmc3cba9\" class=\"wp-block-gutentor-m4-col col-gmc3cba9 gutentor-single-column  grid-lg-12 grid-md-12 grid-12\"><div id=\"section-gmc3cba9\" class=\"section-gmc3cba9 gutentor-col-wrap\">\n<div id=\"section-g0b7d22\" class=\"wp-block-gutentor-e1 section-g0b7d22 gutentor-element gutentor-element-advanced-text\"><div class=\"gutentor-text-wrap\"><h2 class=\"gutentor-text\">Baumf\u00e4llungen<\/h2><\/div><\/div>\n\n\n\n<div id=\"section-g8a584e\" class=\"wp-block-gutentor-e1 section-g8a584e gutentor-element gutentor-element-advanced-text\"><div class=\"gutentor-text-wrap\"><p class=\"gutentor-text\">Wenn ein Baum gef\u00e4llt werden muss, geschieht das je nach Standort und Wuchs. Gef\u00e4llt wird entweder vom Boden aus oder durch gesichertes Hineinsteigen und Abtragen des Baumes, ast- und stammholzweise. Letztlich wird der Baum ebenerdig entnommen, so dass der Wurzelstock im Boden verbleibt und im Laufe der Jahre verwittert.<br>(siehe auch Wurzelstockentfernung)<\/p><\/div><\/div>\n\n\n\n<p><\/p>\n<\/div><\/div>\n<\/div><\/div><\/section>\n\n\n\n<section id=\"gm300b860\" class=\"wp-block-gutentor-m4 section-gm300b860 gutentor-module gutentor-advanced-columns\"><div class=\"grid-container\"><div class=\"grid-row\">\n<div id=\"col-gm7a0bdf\" class=\"wp-block-gutentor-m4-col col-gm7a0bdf gutentor-single-column  grid-lg-3 grid-md-12 grid-12\"><div id=\"section-gm7a0bdf\" class=\"section-gm7a0bdf gutentor-col-wrap\">\n<div id=\"section-gfca52b\" class=\"wp-block-gutentor-e6 section-gfca52b gutentor-element gutentor-element-image\"><div class=\"gutentor-element-image-box\"><div class=\"gutentor-image-thumb\"><img class=\"normal-image\" src=\"https:\/\/ontop-baumpflege.de\/content\/wp-content\/uploads\/2022\/06\/baumfaellenOben.jpg\"\/><\/div><\/div><\/div>\n<\/div><\/div>\n\n\n\n<div id=\"col-gm8823f3\" class=\"wp-block-gutentor-m4-col col-gm8823f3 gutentor-single-column  grid-lg-9 grid-md-12 grid-12\"><div id=\"section-gm8823f3\" class=\"section-gm8823f3 gutentor-col-wrap\">\n<div id=\"section-g95de48\" class=\"wp-block-gutentor-e1 section-g95de48 gutentor-element gutentor-element-advanced-text\"><div class=\"gutentor-text-wrap\"><p class=\"gutentor-text\">Spezialf\u00e4llungen machen es n\u00f6tig, Ast- und Stammholz ins Seil einzubinden und zu Boden zu lassen, um Einrichtungen wie Carport, Geh\u00f6lze, Terrasse, etc. nicht zu besch\u00e4digen.<\/p><\/div><\/div>\n\n\n\n<div id=\"section-gbe859f\" class=\"wp-block-gutentor-e1 section-gbe859f gutentor-element gutentor-element-advanced-text\"><div class=\"gutentor-text-wrap\"><p class=\"gutentor-text\">S\u00e4mtlicher Geh\u00f6lzverschnitt wird von uns abtransportiert und entsorgt.<br>Wenn Sie allerdings das verwendbare Holz z.B. f\u00fcr Ihren Kamin behalten m\u00f6chten, bieten wir gerne an, es kamingerecht und lagerfertig zu schneiden und zu spalten.<\/p><\/div><\/div>\n\n\n\n<div id=\"section-g2b2ad1\" class=\"wp-block-gutentor-e1 section-g2b2ad1 gutentor-element gutentor-element-advanced-text\"><div class=\"gutentor-text-wrap\"><p class=\"gutentor-text\">Mancherorts ist es erforderlich eine F\u00e4llgenehmigung (Antrag zur Beseitigung gesch\u00fctzter B\u00e4ume) einzuholen, was wir selbstverst\u00e4ndlich auf Wunsch f\u00fcr Sie \u00fcbernehmen.<br>Film: Bsp. Baumf\u00e4llung (2:50 min)<\/p><\/div><\/div>\n<\/div><\/div>\n<\/div><\/div><\/section>\n\n\n\n<section id=\"gmfaebbe2\" class=\"wp-block-gutentor-m4 section-gmfaebbe2 gutentor-module gutentor-advanced-columns\"><div class=\"grid-container\"><div class=\"grid-row\">\n<div id=\"col-gmeb13c4\" class=\"wp-block-gutentor-m4-col col-gmeb13c4 gutentor-single-column  grid-lg-12 grid-md-12 grid-12\"><div id=\"section-gmeb13c4\" class=\"section-gmeb13c4 gutentor-col-wrap\">\n<div id=\"section-gbd2ae8\" class=\"wp-block-gutentor-e1 section-gbd2ae8 gutentor-element gutentor-element-advanced-text\"><div class=\"gutentor-text-wrap\"><h3 class=\"gutentor-text\">Wurzelstockentfernung<\/h3><\/div><\/div>\n\n\n\n<div id=\"section-g44985e\" class=\"wp-block-gutentor-e1 section-g44985e gutentor-element gutentor-element-advanced-text\"><div class=\"gutentor-text-wrap\"><p class=\"gutentor-text\">Je nach der Gr\u00f6\u00dfe im Querschnitt des zu entfernenden Wurzelstockes (Stubben) wird dieser entweder mit Spaten, Axt und Greifzug gerodet oder gefr\u00e4st. Die Fr\u00e4smaschine fr\u00e4st den Wurzelstock 30-40 cm tief aus dem Boden aus. So entsteht Platz f\u00fcr eventuelle Neuanpflanzung.<\/p><\/div><\/div>\n\n\n\n<div id=\"section-g302dfa\" class=\"wp-block-gutentor-e6 section-g302dfa gutentor-element gutentor-element-image\"><div class=\"gutentor-element-image-box\"><div class=\"gutentor-image-thumb\"><img class=\"normal-image\" src=\"https:\/\/ontop-baumpflege.de\/content\/wp-content\/uploads\/2022\/06\/wurzestockentfernung.jpg\"\/><\/div><\/div><\/div>\n<\/div><\/div>\n<\/div><\/div><\/section>\n","protected":false},"excerpt":{"rendered":"","protected":false},"author":3,"featured_media":0,"parent":0,"menu_order":0,"comment_status":"closed","ping_status":"closed","template":"template-gutentor-full-width.php","meta":[],"_links":{"self":[{"href":"https:\/\/ontop-baumpflege.de\/content\/wp-json\/wp\/v2\/pages\/1341"}],"collection":[{"href":"https:\/\/ontop-baumpflege.de\/content\/wp-json\/wp\/v2\/pages"}],"about":[{"href":"https:\/\/ontop-baumpflege.de\/content\/wp-json\/wp\/v2\/types\/page"}],"author":[{"embeddable":true,"href":"https:\/\/ontop-baumpflege.de\/content\/wp-json\/wp\/v2\/users\/3"}],"replies":[{"embeddable":true,"href":"https:\/\/ontop-baumpflege.de\/content\/wp-json\/wp\/v2\/comments?post=1341"}],"version-history":[{"count":10,"href":"https:\/\/ontop-baumpflege.de\/content\/wp-json\/wp\/v2\/pages\/1341\/revisions"}],"predecessor-version":[{"id":1566,"href":"https:\/\/ontop-baumpflege.de\/content\/wp-json\/wp\/v2\/pages\/1341\/revisions\/1566"}],"wp:attachment":[{"href":"https:\/\/ontop-baumpflege.de\/content\/wp-json\/wp\/v2\/media?parent=1341"}],"curies":[{"name":"wp","href":"https:\/\/api.w.org\/{rel}","templated":true}]}}